{"id":451,"date":"2024-09-23T09:13:23","date_gmt":"2024-09-23T07:13:23","guid":{"rendered":"https:\/\/zeugme-joyeux.fr\/?page_id=451"},"modified":"2025-01-04T13:19:38","modified_gmt":"2025-01-04T12:19:38","slug":"videos-de-madagascar","status":"publish","type":"page","link":"https:\/\/zeugme-joyeux.fr\/index.php\/videos-de-madagascar\/","title":{"rendered":"Autres Vid\u00e9os de Madagascar"},"content":{"rendered":"\n<p><\/p>\n\n\n\n<p><a href=\"https:\/\/youtu.be\/FBotZCJjOKw\" data-type=\"link\" data-id=\"https:\/\/youtu.be\/FBotZCJjOKw\" target=\"_blank\" rel=\"noreferrer noopener\">Visite de la ville de Morombe<\/a><\/p>\n\n\n\n<p><a href=\"https:\/\/youtu.be\/uRy8oulvKdY?feature=shared\" target=\"_blank\" rel=\"noreferrer noopener\">R\u00e9p\u00e9tition chez Voahangy<\/a><\/p>\n\n\n\n<br\/>\n\n\n\n<p class=\"has-text-align-center\">Voici deux playlist, elles comportent pour l&rsquo;instant quelques doublons avec les vid\u00e9os du livre qui seront supprim\u00e9es ensuite.<\/p>\n\n\n\n<p><a href=\"https:\/\/zeugme-joyeux.fr\/amwe\" target=\"_blank\" rel=\"noreferrer noopener\">Playlist 1<\/a><\/p>\n\n\n\n<p><a href=\"https:\/\/zeugme-joyeux.fr\/w8ga\" target=\"_blank\" rel=\"noreferrer noopener\">Playlist 2<\/a><\/p>\n\n\n\n<p><\/p>\n","protected":false},"excerpt":{"rendered":"<p>Visite de la ville de Morombe R\u00e9p\u00e9tition chez Voahangy Voici deux playlist, elles comportent pour l&rsquo;instant quelques doublons avec les vid\u00e9os du livre qui seront supprim\u00e9es ensuite. Playlist 1 Playlist 2<\/p>\n","protected":false},"author":1,"featured_media":0,"parent":0,"menu_order":0,"comment_status":"closed","ping_status":"closed","template":"","meta":{"footnotes":""},"class_list":["post-451","page","type-page","status-publish","hentry"],"_links":{"self":[{"href":"https:\/\/zeugme-joyeux.fr\/index.php\/wp-json\/wp\/v2\/pages\/451","targetHints":{"allow":["GET"]}}],"collection":[{"href":"https:\/\/zeugme-joyeux.fr\/index.php\/wp-json\/wp\/v2\/pages"}],"about":[{"href":"https:\/\/zeugme-joyeux.fr\/index.php\/wp-json\/wp\/v2\/types\/page"}],"author":[{"embeddable":true,"href":"https:\/\/zeugme-joyeux.fr\/index.php\/wp-json\/wp\/v2\/users\/1"}],"replies":[{"embeddable":true,"href":"https:\/\/zeugme-joyeux.fr\/index.php\/wp-json\/wp\/v2\/comments?post=451"}],"version-history":[{"count":7,"href":"https:\/\/zeugme-joyeux.fr\/index.php\/wp-json\/wp\/v2\/pages\/451\/revisions"}],"predecessor-version":[{"id":828,"href":"https:\/\/zeugme-joyeux.fr\/index.php\/wp-json\/wp\/v2\/pages\/451\/revisions\/828"}],"wp:attachment":[{"href":"https:\/\/zeugme-joyeux.fr\/index.php\/wp-json\/wp\/v2\/media?parent=451"}],"curies":[{"name":"wp","href":"https:\/\/api.w.org\/{rel}","templated":true}]}}